{"id":223,"date":"2018-07-21T11:24:56","date_gmt":"2018-07-21T09:24:56","guid":{"rendered":"https:\/\/www.filippagojoquartett.de\/?page_id=223"},"modified":"2026-02-19T21:21:30","modified_gmt":"2026-02-19T20:21:30","slug":"impressum","status":"publish","type":"page","link":"https:\/\/www.filippagojoquartett.de\/?page_id=223","title":{"rendered":"Impressum"},"content":{"rendered":"<h2>Impressum<\/h2>\n<p>Filippa Gojo Quartett GbR<\/p>\n<p>Gerhard-vom-Rath-Str. 59; 50968 K\u00f6ln<\/p>\n<p>Telefon: +491638711658<br \/>\nE-Mail: <a href=\"mailto:filippa.gojo@yahoo.de\">filippa.gojo@yahoo.de<\/a><\/p>\n<p><strong>Vertreten durch:<\/strong><br \/>\nFilippa Gojo<br \/>\nLukas Meile<br \/>\nDavid Andres<br \/>\nSebastian Scobel<\/p>\n<h2>Hinweis gem\u00e4\u00df Online-Streitbeilegungs-Verordnung<\/h2>\n<p>Nach geltendem Recht sind wir verpflichtet, Verbraucher auf die Existenz der Europ\u00e4ischen Online-Streitbeilegungs-Plattform hinzuweisen, die f\u00fcr die Beilegung von Streitigkeiten genutzt werden kann, ohne dass ein Gericht eingeschaltet werden muss. F\u00fcr die Einrichtung der Plattform ist die Europ\u00e4ische Kommission zust\u00e4ndig. Die Europ\u00e4ische Online-Streitbeilegungs-Plattform ist hier zu finden: <a href=\"http:\/\/ec.europa.eu\/odr\" target=\"_blank\" rel=\"nofollow noopener\">http:\/\/ec.europa.eu\/odr<\/a>. Unsere E-Mail lautet: <a href=\"mailto:filippa.gojo@yahoo.de\">filippa.gojo@yahoo.de<\/a><\/p>\n<p>Wir weisen aber darauf hin, dass wir nicht bereit sind, uns am Streitbeilegungsverfahren im Rahmen der Europ\u00e4ischen Online-Streitbeilegungs-Plattform zu beteiligen. Nutzen Sie zur Kontaktaufnahme bitte unsere obige E-Mail und Telefonnummer.<\/p>\n<p>Quelle: <a href=\"https:\/\/www.juraforum.de\/impressum-generator\/\">Impressum Vorlage von JuraForum.de<\/a><\/p>\n","protected":false},"excerpt":{"rendered":"<p>Impressum Filippa Gojo Quartett GbR Gerhard-vom-Rath-Str. 59; 50968 K\u00f6ln Telefon: +491638711658 E-Mail: filippa.gojo@yahoo.de Vertreten durch: Filippa Gojo Lukas Meile David Andres Sebastian Scobel Hinweis gem\u00e4\u00df Online-Streitbeilegungs-Verordnung Nach geltendem Recht sind wir verpflichtet, Verbraucher auf die Existenz der Europ\u00e4ischen Online-Streitbeilegungs-Plattform hinzuweisen, die f\u00fcr die Beilegung von [&hellip;]<\/p>\n","protected":false},"author":1,"featured_media":0,"parent":0,"menu_order":0,"comment_status":"closed","ping_status":"closed","template":"","meta":{"footnotes":""},"class_list":["post-223","page","type-page","status-publish","hentry"],"_links":{"self":[{"href":"https:\/\/www.filippagojoquartett.de\/index.php?rest_route=\/wp\/v2\/pages\/223","targetHints":{"allow":["GET"]}}],"collection":[{"href":"https:\/\/www.filippagojoquartett.de\/index.php?rest_route=\/wp\/v2\/pages"}],"about":[{"href":"https:\/\/www.filippagojoquartett.de\/index.php?rest_route=\/wp\/v2\/types\/page"}],"author":[{"embeddable":true,"href":"https:\/\/www.filippagojoquartett.de\/index.php?rest_route=\/wp\/v2\/users\/1"}],"replies":[{"embeddable":true,"href":"https:\/\/www.filippagojoquartett.de\/index.php?rest_route=%2Fwp%2Fv2%2Fcomments&post=223"}],"version-history":[{"count":3,"href":"https:\/\/www.filippagojoquartett.de\/index.php?rest_route=\/wp\/v2\/pages\/223\/revisions"}],"predecessor-version":[{"id":390,"href":"https:\/\/www.filippagojoquartett.de\/index.php?rest_route=\/wp\/v2\/pages\/223\/revisions\/390"}],"wp:attachment":[{"href":"https:\/\/www.filippagojoquartett.de\/index.php?rest_route=%2Fwp%2Fv2%2Fmedia&parent=223"}],"curies":[{"name":"wp","href":"https:\/\/api.w.org\/{rel}","templated":true}]}}