{"id":20,"date":"2016-11-07T22:53:00","date_gmt":"2016-11-07T21:53:00","guid":{"rendered":"http:\/\/davidandres.de\/gojoquartett\/?page_id=20"},"modified":"2016-12-04T11:46:30","modified_gmt":"2016-12-04T10:46:30","slug":"infotext","status":"publish","type":"page","link":"https:\/\/www.filippagojoquartett.de\/?page_id=20","title":{"rendered":"Info"},"content":{"rendered":"<p>Filippa Gojo singt, wie andere Menschen atmen. Mit einer Selbstverst\u00e4ndlichkeit, die sich nicht darum schert, dass man atmen muss, um leben zu k\u00f6nnen, mit einer Leichtigkeit, die v\u00f6llig in den Hintergrund treten l\u00e4sst, wie kunstvoll ihr Gesang ist und mit einem Selbstbewusstsein, das keinerlei eitle Virtuosit\u00e4tsprotzerei ben\u00f6tigt.<\/p>\n<p>Das macht ihr Album \u201eSeesucht\u201c, das sie mit ihrem K\u00f6lner Quartett eingespielt hat, zu einem Ereignis. Denn nat\u00fcrlich hat sich die S\u00e4ngerin mit drei Musikern umgeben, die ihrer Entdeckungslust bereitwillig folgen und in der Lage sind, ihre Lieder mit Seele, Herz und Esprit auszustatten. Da ist der Perkussionist Lukas Meile, der die getragene Stimmung von \u201eWhere The Lights Begin\u201c mit viel Beckenrauschen unterst\u00fctzt und der verwunschenen Atmosph\u00e4re im \u201eF\u00f6rsterhus\u201c mit einem sich ganz sukzessive einschleichendem Puls eine besondere Dringlichkeit verleiht. Da ist der Pianist Sebastian Scobel, der am Fl\u00fcgel und am Fender Rhodes eine gleicherma\u00dfen gute Figur macht und in \u201eMy Water\u201c zu einem herrlich saftigen Klavier-Solo aufbricht. Und da ist schlie\u00dflich der Bassist David Andres, der in \u201eA Bomhus\u201c einen Dialog mit Filippa Gojo erz\u00e4hlerisch gestaltet und sich in \u201eDo Mo trinkt bloach osom Bach\u201c als \u00e4u\u00dferst lyrischer Solist erweist.<\/p>\n<p>Schon auf ihrem Deb\u00fct-Album \u201eNahaufnahme\u201c hat sich das Filippa Gojo Quartett als verschworene Einheit erwiesen, auf dem zweiten Album treten diese Qualit\u00e4ten naturgem\u00e4\u00df noch st\u00e4rker hervor.<\/p>\n<p>\u201eSeesucht\u201c ist in seinem Anspielungsreichtum konkret, in seiner musikalischen Farbenpracht aber universell. Filippa Gojo und ihrem Quartett gelingt das Kunstst\u00fcck, eine herausragende Stimme zu feiern und gleichzeitig in Musik aufgehen zu lassen. Ihre Wirkung auf das Publikum hat die Band l\u00e4ngst bewiesen &#8211; etwa, indem sie im Jahr 2015 den Neuen Deutschen Jazzpreis in Mannheim gewonnen hat.<\/p>\n<p><a href=\"http:\/\/www.filippagojo.de\">Filippa Gojo<\/a> &#8211; Gesang<br \/>\n<a href=\"https:\/\/de.wikipedia.org\/wiki\/Sebastian_Scobel\">Sebastian Scobel<\/a> &#8211; Klavier<br \/>\n<a href=\"http:\/\/www.davidandres.de\">David Andres<\/a> &#8211; Kontrabass<br \/>\n<a href=\"http:\/\/www.lukasmeile.de\">Lukas Meile<\/a> &#8211; Percussion<\/p>\n","protected":false},"excerpt":{"rendered":"<p>Filippa Gojo singt, wie andere Menschen atmen. Mit einer Selbstverst\u00e4ndlichkeit, die sich nicht darum schert, dass man atmen muss, um leben zu k\u00f6nnen, mit einer Leichtigkeit, die v\u00f6llig in den Hintergrund treten l\u00e4sst, wie kunstvoll ihr Gesang ist und mit einem Selbstbewusstsein, das keinerlei eitle [&hellip;]<\/p>\n","protected":false},"author":1,"featured_media":0,"parent":0,"menu_order":1,"comment_status":"closed","ping_status":"closed","template":"","meta":{"footnotes":""},"class_list":["post-20","page","type-page","status-publish","hentry"],"_links":{"self":[{"href":"https:\/\/www.filippagojoquartett.de\/index.php?rest_route=\/wp\/v2\/pages\/20","targetHints":{"allow":["GET"]}}],"collection":[{"href":"https:\/\/www.filippagojoquartett.de\/index.php?rest_route=\/wp\/v2\/pages"}],"about":[{"href":"https:\/\/www.filippagojoquartett.de\/index.php?rest_route=\/wp\/v2\/types\/page"}],"author":[{"embeddable":true,"href":"https:\/\/www.filippagojoquartett.de\/index.php?rest_route=\/wp\/v2\/users\/1"}],"replies":[{"embeddable":true,"href":"https:\/\/www.filippagojoquartett.de\/index.php?rest_route=%2Fwp%2Fv2%2Fcomments&post=20"}],"version-history":[{"count":7,"href":"https:\/\/www.filippagojoquartett.de\/index.php?rest_route=\/wp\/v2\/pages\/20\/revisions"}],"predecessor-version":[{"id":129,"href":"https:\/\/www.filippagojoquartett.de\/index.php?rest_route=\/wp\/v2\/pages\/20\/revisions\/129"}],"wp:attachment":[{"href":"https:\/\/www.filippagojoquartett.de\/index.php?rest_route=%2Fwp%2Fv2%2Fmedia&parent=20"}],"curies":[{"name":"wp","href":"https:\/\/api.w.org\/{rel}","templated":true}]}}